{"id":1095,"date":"2016-02-16T12:55:47","date_gmt":"2016-02-16T12:55:47","guid":{"rendered":"http:\/\/www.fashionjewelries.com\/w\/?page_id=1095"},"modified":"2016-02-19T12:09:21","modified_gmt":"2016-02-19T12:09:21","slug":"bedido-fashion-fr","status":"publish","type":"page","link":"https:\/\/www.fashionjewelries.com\/w\/fr\/","title":{"rendered":"Bedido Fashion Fr"},"content":{"rendered":"","protected":false},"excerpt":{"rendered":"","protected":false},"author":1,"featured_media":0,"parent":0,"menu_order":0,"comment_status":"closed","ping_status":"closed","template":"","meta":{"footnotes":""},"class_list":["post-1095","page","type-page","status-publish",""],"yoast_head":"<!-- This site is optimized with the Yoast SEO plugin v25.4 - https:\/\/yoast.com\/wordpress\/plugins\/seo\/ -->\n<title>Bedido Mode - fournisseur, exportateur, fabricant de PHILIPPINES maternelle FANTAISIE - coquillages, perles de bois, os, corne, COCO, GRAINES fournisseur, exportateur, fabricant de Philippines main des bijoux - coquillages, perles de bois, os, corne, noix de coco, GRAINES<\/title>\n<meta name=\"description\" content=\"Actualit\u00e9s Derni\u00e8res Tendances d\u00e9co Bedido Mode Bijoux vous apporte le meilleur dans de bijoux d&#039;artisanat. Coco, perles de bois, des graines, des os, de la corne, des coquillages vadrouille, l\u00e8vres noir, Brownlip, coquille de marteau, kabibe, Brownlip tigre, blacktab, paua ormeaux etc ..\" \/>\n<meta name=\"robots\" content=\"index, follow, max-snippet:-1, max-image-preview:large, max-video-preview:-1\" \/>\n<link rel=\"canonical\" href=\"https:\/\/www.fashionjewelries.com\/w\/fr\/\" \/>\n<meta property=\"og:locale\" content=\"en_US\" \/>\n<meta property=\"og:type\" content=\"article\" \/>\n<meta property=\"og:title\" content=\"Bedido Mode - fournisseur, exportateur, fabricant de PHILIPPINES maternelle FANTAISIE - coquillages, perles de bois, os, corne, COCO, GRAINES fournisseur, exportateur, fabricant de Philippines main des bijoux - coquillages, perles de bois, os, corne, noix de coco, GRAINES\" \/>\n<meta property=\"og:description\" content=\"Actualit\u00e9s Derni\u00e8res Tendances d\u00e9co Bedido Mode Bijoux vous apporte le meilleur dans de bijoux d&#039;artisanat. Coco, perles de bois, des graines, des os, de la corne, des coquillages vadrouille, l\u00e8vres noir, Brownlip, coquille de marteau, kabibe, Brownlip tigre, blacktab, paua ormeaux etc ..\" \/>\n<meta property=\"og:url\" content=\"https:\/\/www.fashionjewelries.com\/w\/fr\/\" \/>\n<meta property=\"article:modified_time\" content=\"2016-02-19T12:09:21+00:00\" \/>\n<meta name=\"twitter:card\" content=\"summary_large_image\" \/>\n<script type=\"application\/ld+json\" class=\"yoast-schema-graph\">{\"@context\":\"https:\/\/schema.org\",\"@graph\":[{\"@type\":\"WebPage\",\"@id\":\"https:\/\/www.fashionjewelries.com\/w\/fr\/\",\"url\":\"https:\/\/www.fashionjewelries.com\/w\/fr\/\",\"name\":\"Bedido Mode - fournisseur, exportateur, fabricant de PHILIPPINES maternelle FANTAISIE - coquillages, perles de bois, os, corne, COCO, GRAINES fournisseur, exportateur, fabricant de Philippines main des bijoux - coquillages, perles de bois, os, corne, noix de coco, GRAINES\",\"isPartOf\":{\"@id\":\"https:\/\/www.fashionjewelries.com\/w\/#website\"},\"datePublished\":\"2016-02-16T12:55:47+00:00\",\"dateModified\":\"2016-02-19T12:09:21+00:00\",\"description\":\"Actualit\u00e9s Derni\u00e8res Tendances d\u00e9co Bedido Mode Bijoux vous apporte le meilleur dans de bijoux d'artisanat. Coco, perles de bois, des graines, des os, de la corne, des coquillages vadrouille, l\u00e8vres noir, Brownlip, coquille de marteau, kabibe, Brownlip tigre, blacktab, paua ormeaux etc ..\",\"breadcrumb\":{\"@id\":\"https:\/\/www.fashionjewelries.com\/w\/fr\/#breadcrumb\"},\"inLanguage\":\"en-US\",\"potentialAction\":[{\"@type\":\"ReadAction\",\"target\":[\"https:\/\/www.fashionjewelries.com\/w\/fr\/\"]}]},{\"@type\":\"BreadcrumbList\",\"@id\":\"https:\/\/www.fashionjewelries.com\/w\/fr\/#breadcrumb\",\"itemListElement\":[{\"@type\":\"ListItem\",\"position\":1,\"name\":\"Home\",\"item\":\"https:\/\/www.fashionjewelries.com\/w\/\"},{\"@type\":\"ListItem\",\"position\":2,\"name\":\"Bedido Fashion Fr\"}]},{\"@type\":\"WebSite\",\"@id\":\"https:\/\/www.fashionjewelries.com\/w\/#website\",\"url\":\"https:\/\/www.fashionjewelries.com\/w\/\",\"name\":\"\",\"description\":\"\",\"potentialAction\":[{\"@type\":\"SearchAction\",\"target\":{\"@type\":\"EntryPoint\",\"urlTemplate\":\"https:\/\/www.fashionjewelries.com\/w\/?s={search_term_string}\"},\"query-input\":{\"@type\":\"PropertyValueSpecification\",\"valueRequired\":true,\"valueName\":\"search_term_string\"}}],\"inLanguage\":\"en-US\"}]}<\/script>\n<!-- \/ Yoast SEO plugin. -->","yoast_head_json":{"title":"Bedido Mode - fournisseur, exportateur, fabricant de PHILIPPINES maternelle FANTAISIE - coquillages, perles de bois, os, corne, COCO, GRAINES fournisseur, exportateur, fabricant de Philippines main des bijoux - coquillages, perles de bois, os, corne, noix de coco, GRAINES","description":"Actualit\u00e9s Derni\u00e8res Tendances d\u00e9co Bedido Mode Bijoux vous apporte le meilleur dans de bijoux d'artisanat. Coco, perles de bois, des graines, des os, de la corne, des coquillages vadrouille, l\u00e8vres noir, Brownlip, coquille de marteau, kabibe, Brownlip tigre, blacktab, paua ormeaux etc ..","robots":{"index":"index","follow":"follow","max-snippet":"max-snippet:-1","max-image-preview":"max-image-preview:large","max-video-preview":"max-video-preview:-1"},"canonical":"https:\/\/www.fashionjewelries.com\/w\/fr\/","og_locale":"en_US","og_type":"article","og_title":"Bedido Mode - fournisseur, exportateur, fabricant de PHILIPPINES maternelle FANTAISIE - coquillages, perles de bois, os, corne, COCO, GRAINES fournisseur, exportateur, fabricant de Philippines main des bijoux - coquillages, perles de bois, os, corne, noix de coco, GRAINES","og_description":"Actualit\u00e9s Derni\u00e8res Tendances d\u00e9co Bedido Mode Bijoux vous apporte le meilleur dans de bijoux d'artisanat. Coco, perles de bois, des graines, des os, de la corne, des coquillages vadrouille, l\u00e8vres noir, Brownlip, coquille de marteau, kabibe, Brownlip tigre, blacktab, paua ormeaux etc ..","og_url":"https:\/\/www.fashionjewelries.com\/w\/fr\/","article_modified_time":"2016-02-19T12:09:21+00:00","twitter_card":"summary_large_image","schema":{"@context":"https:\/\/schema.org","@graph":[{"@type":"WebPage","@id":"https:\/\/www.fashionjewelries.com\/w\/fr\/","url":"https:\/\/www.fashionjewelries.com\/w\/fr\/","name":"Bedido Mode - fournisseur, exportateur, fabricant de PHILIPPINES maternelle FANTAISIE - coquillages, perles de bois, os, corne, COCO, GRAINES fournisseur, exportateur, fabricant de Philippines main des bijoux - coquillages, perles de bois, os, corne, noix de coco, GRAINES","isPartOf":{"@id":"https:\/\/www.fashionjewelries.com\/w\/#website"},"datePublished":"2016-02-16T12:55:47+00:00","dateModified":"2016-02-19T12:09:21+00:00","description":"Actualit\u00e9s Derni\u00e8res Tendances d\u00e9co Bedido Mode Bijoux vous apporte le meilleur dans de bijoux d'artisanat. Coco, perles de bois, des graines, des os, de la corne, des coquillages vadrouille, l\u00e8vres noir, Brownlip, coquille de marteau, kabibe, Brownlip tigre, blacktab, paua ormeaux etc ..","breadcrumb":{"@id":"https:\/\/www.fashionjewelries.com\/w\/fr\/#breadcrumb"},"inLanguage":"en-US","potentialAction":[{"@type":"ReadAction","target":["https:\/\/www.fashionjewelries.com\/w\/fr\/"]}]},{"@type":"BreadcrumbList","@id":"https:\/\/www.fashionjewelries.com\/w\/fr\/#breadcrumb","itemListElement":[{"@type":"ListItem","position":1,"name":"Home","item":"https:\/\/www.fashionjewelries.com\/w\/"},{"@type":"ListItem","position":2,"name":"Bedido Fashion Fr"}]},{"@type":"WebSite","@id":"https:\/\/www.fashionjewelries.com\/w\/#website","url":"https:\/\/www.fashionjewelries.com\/w\/","name":"","description":"","potentialAction":[{"@type":"SearchAction","target":{"@type":"EntryPoint","urlTemplate":"https:\/\/www.fashionjewelries.com\/w\/?s={search_term_string}"},"query-input":{"@type":"PropertyValueSpecification","valueRequired":true,"valueName":"search_term_string"}}],"inLanguage":"en-US"}]}},"_links":{"self":[{"href":"https:\/\/www.fashionjewelries.com\/w\/wp-json\/wp\/v2\/pages\/1095","targetHints":{"allow":["GET"]}}],"collection":[{"href":"https:\/\/www.fashionjewelries.com\/w\/wp-json\/wp\/v2\/pages"}],"about":[{"href":"https:\/\/www.fashionjewelries.com\/w\/wp-json\/wp\/v2\/types\/page"}],"author":[{"embeddable":true,"href":"https:\/\/www.fashionjewelries.com\/w\/wp-json\/wp\/v2\/users\/1"}],"replies":[{"embeddable":true,"href":"https:\/\/www.fashionjewelries.com\/w\/wp-json\/wp\/v2\/comments?post=1095"}],"version-history":[{"count":2,"href":"https:\/\/www.fashionjewelries.com\/w\/wp-json\/wp\/v2\/pages\/1095\/revisions"}],"predecessor-version":[{"id":1155,"href":"https:\/\/www.fashionjewelries.com\/w\/wp-json\/wp\/v2\/pages\/1095\/revisions\/1155"}],"wp:attachment":[{"href":"https:\/\/www.fashionjewelries.com\/w\/wp-json\/wp\/v2\/media?parent=1095"}],"curies":[{"name":"wp","href":"https:\/\/api.w.org\/{rel}","templated":true}]}}