{"id":1151,"date":"2016-02-19T06:21:22","date_gmt":"2016-02-19T06:21:22","guid":{"rendered":"http:\/\/www.fashionjewelries.com\/w\/?page_id=1151"},"modified":"2016-02-19T12:09:17","modified_gmt":"2016-02-19T12:09:17","slug":"bedido-fashion-es","status":"publish","type":"page","link":"https:\/\/www.fashionjewelries.com\/w\/es\/","title":{"rendered":"Bedido Fashion Es"},"content":{"rendered":"","protected":false},"excerpt":{"rendered":"","protected":false},"author":1,"featured_media":0,"parent":0,"menu_order":0,"comment_status":"closed","ping_status":"closed","template":"","meta":{"footnotes":""},"class_list":["post-1151","page","type-page","status-publish",""],"yoast_head":"<!-- This site is optimized with the Yoast SEO plugin v25.4 - https:\/\/yoast.com\/wordpress\/plugins\/seo\/ -->\n<title>Bedido MODA - surtidor, exportador, fabricante de FILIPINO JOYER\u00cdA de la MANERA NATURAL - conchas, cuentas de madera, hueso, cuerno, COCO, SEMILLAS surtidor, exportador, fabricante de FILIPINO JOYER\u00cdA de la MANERA NATURAL - conchas, cuentas de madera, hueso, cuerno, COCO, SEMILLAS<\/title>\n<meta name=\"description\" content=\"Noticias \u00daltimas Tendencias de Dise\u00f1o de Moda Joyas Bedido pone a su disposici\u00f3n el mejor en joyer\u00eda -Philippine artesan\u00eda. Coco, granos de madera, semillas, hueso, cuerno, conchas-mopa, blacklip, brownlip, hammershell, kabibe, brownlip tiger, blacktab, paua abalone etc..\" \/>\n<meta name=\"robots\" content=\"index, follow, max-snippet:-1, max-image-preview:large, max-video-preview:-1\" \/>\n<link rel=\"canonical\" href=\"https:\/\/www.fashionjewelries.com\/w\/es\/\" \/>\n<meta property=\"og:locale\" content=\"en_US\" \/>\n<meta property=\"og:type\" content=\"article\" \/>\n<meta property=\"og:title\" content=\"Bedido MODA - surtidor, exportador, fabricante de FILIPINO JOYER\u00cdA de la MANERA NATURAL - conchas, cuentas de madera, hueso, cuerno, COCO, SEMILLAS surtidor, exportador, fabricante de FILIPINO JOYER\u00cdA de la MANERA NATURAL - conchas, cuentas de madera, hueso, cuerno, COCO, SEMILLAS\" \/>\n<meta property=\"og:description\" content=\"Noticias \u00daltimas Tendencias de Dise\u00f1o de Moda Joyas Bedido pone a su disposici\u00f3n el mejor en joyer\u00eda -Philippine artesan\u00eda. Coco, granos de madera, semillas, hueso, cuerno, conchas-mopa, blacklip, brownlip, hammershell, kabibe, brownlip tiger, blacktab, paua abalone etc..\" \/>\n<meta property=\"og:url\" content=\"https:\/\/www.fashionjewelries.com\/w\/es\/\" \/>\n<meta property=\"article:modified_time\" content=\"2016-02-19T12:09:17+00:00\" \/>\n<meta name=\"twitter:card\" content=\"summary_large_image\" \/>\n<script type=\"application\/ld+json\" class=\"yoast-schema-graph\">{\"@context\":\"https:\/\/schema.org\",\"@graph\":[{\"@type\":\"WebPage\",\"@id\":\"https:\/\/www.fashionjewelries.com\/w\/es\/\",\"url\":\"https:\/\/www.fashionjewelries.com\/w\/es\/\",\"name\":\"Bedido MODA - surtidor, exportador, fabricante de FILIPINO JOYER\u00cdA de la MANERA NATURAL - conchas, cuentas de madera, hueso, cuerno, COCO, SEMILLAS surtidor, exportador, fabricante de FILIPINO JOYER\u00cdA de la MANERA NATURAL - conchas, cuentas de madera, hueso, cuerno, COCO, SEMILLAS\",\"isPartOf\":{\"@id\":\"https:\/\/www.fashionjewelries.com\/w\/#website\"},\"datePublished\":\"2016-02-19T06:21:22+00:00\",\"dateModified\":\"2016-02-19T12:09:17+00:00\",\"description\":\"Noticias \u00daltimas Tendencias de Dise\u00f1o de Moda Joyas Bedido pone a su disposici\u00f3n el mejor en joyer\u00eda -Philippine artesan\u00eda. Coco, granos de madera, semillas, hueso, cuerno, conchas-mopa, blacklip, brownlip, hammershell, kabibe, brownlip tiger, blacktab, paua abalone etc..\",\"breadcrumb\":{\"@id\":\"https:\/\/www.fashionjewelries.com\/w\/es\/#breadcrumb\"},\"inLanguage\":\"en-US\",\"potentialAction\":[{\"@type\":\"ReadAction\",\"target\":[\"https:\/\/www.fashionjewelries.com\/w\/es\/\"]}]},{\"@type\":\"BreadcrumbList\",\"@id\":\"https:\/\/www.fashionjewelries.com\/w\/es\/#breadcrumb\",\"itemListElement\":[{\"@type\":\"ListItem\",\"position\":1,\"name\":\"Home\",\"item\":\"https:\/\/www.fashionjewelries.com\/w\/\"},{\"@type\":\"ListItem\",\"position\":2,\"name\":\"Bedido Fashion Es\"}]},{\"@type\":\"WebSite\",\"@id\":\"https:\/\/www.fashionjewelries.com\/w\/#website\",\"url\":\"https:\/\/www.fashionjewelries.com\/w\/\",\"name\":\"\",\"description\":\"\",\"potentialAction\":[{\"@type\":\"SearchAction\",\"target\":{\"@type\":\"EntryPoint\",\"urlTemplate\":\"https:\/\/www.fashionjewelries.com\/w\/?s={search_term_string}\"},\"query-input\":{\"@type\":\"PropertyValueSpecification\",\"valueRequired\":true,\"valueName\":\"search_term_string\"}}],\"inLanguage\":\"en-US\"}]}<\/script>\n<!-- \/ Yoast SEO plugin. -->","yoast_head_json":{"title":"Bedido MODA - surtidor, exportador, fabricante de FILIPINO JOYER\u00cdA de la MANERA NATURAL - conchas, cuentas de madera, hueso, cuerno, COCO, SEMILLAS surtidor, exportador, fabricante de FILIPINO JOYER\u00cdA de la MANERA NATURAL - conchas, cuentas de madera, hueso, cuerno, COCO, SEMILLAS","description":"Noticias \u00daltimas Tendencias de Dise\u00f1o de Moda Joyas Bedido pone a su disposici\u00f3n el mejor en joyer\u00eda -Philippine artesan\u00eda. Coco, granos de madera, semillas, hueso, cuerno, conchas-mopa, blacklip, brownlip, hammershell, kabibe, brownlip tiger, blacktab, paua abalone etc..","robots":{"index":"index","follow":"follow","max-snippet":"max-snippet:-1","max-image-preview":"max-image-preview:large","max-video-preview":"max-video-preview:-1"},"canonical":"https:\/\/www.fashionjewelries.com\/w\/es\/","og_locale":"en_US","og_type":"article","og_title":"Bedido MODA - surtidor, exportador, fabricante de FILIPINO JOYER\u00cdA de la MANERA NATURAL - conchas, cuentas de madera, hueso, cuerno, COCO, SEMILLAS surtidor, exportador, fabricante de FILIPINO JOYER\u00cdA de la MANERA NATURAL - conchas, cuentas de madera, hueso, cuerno, COCO, SEMILLAS","og_description":"Noticias \u00daltimas Tendencias de Dise\u00f1o de Moda Joyas Bedido pone a su disposici\u00f3n el mejor en joyer\u00eda -Philippine artesan\u00eda. Coco, granos de madera, semillas, hueso, cuerno, conchas-mopa, blacklip, brownlip, hammershell, kabibe, brownlip tiger, blacktab, paua abalone etc..","og_url":"https:\/\/www.fashionjewelries.com\/w\/es\/","article_modified_time":"2016-02-19T12:09:17+00:00","twitter_card":"summary_large_image","schema":{"@context":"https:\/\/schema.org","@graph":[{"@type":"WebPage","@id":"https:\/\/www.fashionjewelries.com\/w\/es\/","url":"https:\/\/www.fashionjewelries.com\/w\/es\/","name":"Bedido MODA - surtidor, exportador, fabricante de FILIPINO JOYER\u00cdA de la MANERA NATURAL - conchas, cuentas de madera, hueso, cuerno, COCO, SEMILLAS surtidor, exportador, fabricante de FILIPINO JOYER\u00cdA de la MANERA NATURAL - conchas, cuentas de madera, hueso, cuerno, COCO, SEMILLAS","isPartOf":{"@id":"https:\/\/www.fashionjewelries.com\/w\/#website"},"datePublished":"2016-02-19T06:21:22+00:00","dateModified":"2016-02-19T12:09:17+00:00","description":"Noticias \u00daltimas Tendencias de Dise\u00f1o de Moda Joyas Bedido pone a su disposici\u00f3n el mejor en joyer\u00eda -Philippine artesan\u00eda. Coco, granos de madera, semillas, hueso, cuerno, conchas-mopa, blacklip, brownlip, hammershell, kabibe, brownlip tiger, blacktab, paua abalone etc..","breadcrumb":{"@id":"https:\/\/www.fashionjewelries.com\/w\/es\/#breadcrumb"},"inLanguage":"en-US","potentialAction":[{"@type":"ReadAction","target":["https:\/\/www.fashionjewelries.com\/w\/es\/"]}]},{"@type":"BreadcrumbList","@id":"https:\/\/www.fashionjewelries.com\/w\/es\/#breadcrumb","itemListElement":[{"@type":"ListItem","position":1,"name":"Home","item":"https:\/\/www.fashionjewelries.com\/w\/"},{"@type":"ListItem","position":2,"name":"Bedido Fashion Es"}]},{"@type":"WebSite","@id":"https:\/\/www.fashionjewelries.com\/w\/#website","url":"https:\/\/www.fashionjewelries.com\/w\/","name":"","description":"","potentialAction":[{"@type":"SearchAction","target":{"@type":"EntryPoint","urlTemplate":"https:\/\/www.fashionjewelries.com\/w\/?s={search_term_string}"},"query-input":{"@type":"PropertyValueSpecification","valueRequired":true,"valueName":"search_term_string"}}],"inLanguage":"en-US"}]}},"_links":{"self":[{"href":"https:\/\/www.fashionjewelries.com\/w\/wp-json\/wp\/v2\/pages\/1151","targetHints":{"allow":["GET"]}}],"collection":[{"href":"https:\/\/www.fashionjewelries.com\/w\/wp-json\/wp\/v2\/pages"}],"about":[{"href":"https:\/\/www.fashionjewelries.com\/w\/wp-json\/wp\/v2\/types\/page"}],"author":[{"embeddable":true,"href":"https:\/\/www.fashionjewelries.com\/w\/wp-json\/wp\/v2\/users\/1"}],"replies":[{"embeddable":true,"href":"https:\/\/www.fashionjewelries.com\/w\/wp-json\/wp\/v2\/comments?post=1151"}],"version-history":[{"count":3,"href":"https:\/\/www.fashionjewelries.com\/w\/wp-json\/wp\/v2\/pages\/1151\/revisions"}],"predecessor-version":[{"id":1156,"href":"https:\/\/www.fashionjewelries.com\/w\/wp-json\/wp\/v2\/pages\/1151\/revisions\/1156"}],"wp:attachment":[{"href":"https:\/\/www.fashionjewelries.com\/w\/wp-json\/wp\/v2\/media?parent=1151"}],"curies":[{"name":"wp","href":"https:\/\/api.w.org\/{rel}","templated":true}]}}