{"id":1364,"date":"2016-02-25T10:51:44","date_gmt":"2016-02-25T10:51:44","guid":{"rendered":"http:\/\/www.fashionjewelries.com\/w\/?page_id=1364"},"modified":"2016-02-25T13:02:06","modified_gmt":"2016-02-25T13:02:06","slug":"bedido-fashion-pt","status":"publish","type":"page","link":"https:\/\/www.fashionjewelries.com\/w\/pt\/","title":{"rendered":"Bedido Fashion &#8211; Pt"},"content":{"rendered":"","protected":false},"excerpt":{"rendered":"","protected":false},"author":1,"featured_media":0,"parent":0,"menu_order":0,"comment_status":"closed","ping_status":"closed","template":"","meta":{"footnotes":""},"class_list":["post-1364","page","type-page","status-publish",""],"yoast_head":"<!-- This site is optimized with the Yoast SEO plugin v25.4 - https:\/\/yoast.com\/wordpress\/plugins\/seo\/ -->\n<title>Bedido moda - Fornecedor, Exportador, FABRICANTE DE FILIPINAS NATIVO j\u00f3ias da moda - ESCUDOS, contas de madeira, osso, chifre, coco, SEMENTES fornecedor, exportador, fabricante de j\u00f3ias de moda FILIPINO NATIVO - ESCUDOS, contas de madeira, osso, chifre, COCO, SEMENTES<\/title>\n<meta name=\"description\" content=\"Novidades \u00daltimas tend\u00eancias de design Bedido Moda Jewelries traz para voc\u00ea o melhor em J\u00f3ias -Philippine Artesanato. Coco, contas de madeira, sementes, osso, chifre, conchas-MOP, BLACKLIP, l\u00e1bio marrom, casca martelo, kabibe, tigre l\u00e1bio marrom, blacktab, abalone paua etc ..\" \/>\n<meta name=\"robots\" content=\"index, follow, max-snippet:-1, max-image-preview:large, max-video-preview:-1\" \/>\n<link rel=\"canonical\" href=\"https:\/\/www.fashionjewelries.com\/w\/pt\/\" \/>\n<meta property=\"og:locale\" content=\"en_US\" \/>\n<meta property=\"og:type\" content=\"article\" \/>\n<meta property=\"og:title\" content=\"Bedido moda - Fornecedor, Exportador, FABRICANTE DE FILIPINAS NATIVO j\u00f3ias da moda - ESCUDOS, contas de madeira, osso, chifre, coco, SEMENTES fornecedor, exportador, fabricante de j\u00f3ias de moda FILIPINO NATIVO - ESCUDOS, contas de madeira, osso, chifre, COCO, SEMENTES\" \/>\n<meta property=\"og:description\" content=\"Novidades \u00daltimas tend\u00eancias de design Bedido Moda Jewelries traz para voc\u00ea o melhor em J\u00f3ias -Philippine Artesanato. Coco, contas de madeira, sementes, osso, chifre, conchas-MOP, BLACKLIP, l\u00e1bio marrom, casca martelo, kabibe, tigre l\u00e1bio marrom, blacktab, abalone paua etc ..\" \/>\n<meta property=\"og:url\" content=\"https:\/\/www.fashionjewelries.com\/w\/pt\/\" \/>\n<meta property=\"article:modified_time\" content=\"2016-02-25T13:02:06+00:00\" \/>\n<meta name=\"twitter:card\" content=\"summary_large_image\" \/>\n<script type=\"application\/ld+json\" class=\"yoast-schema-graph\">{\"@context\":\"https:\/\/schema.org\",\"@graph\":[{\"@type\":\"WebPage\",\"@id\":\"https:\/\/www.fashionjewelries.com\/w\/pt\/\",\"url\":\"https:\/\/www.fashionjewelries.com\/w\/pt\/\",\"name\":\"Bedido moda - Fornecedor, Exportador, FABRICANTE DE FILIPINAS NATIVO j\u00f3ias da moda - ESCUDOS, contas de madeira, osso, chifre, coco, SEMENTES fornecedor, exportador, fabricante de j\u00f3ias de moda FILIPINO NATIVO - ESCUDOS, contas de madeira, osso, chifre, COCO, SEMENTES\",\"isPartOf\":{\"@id\":\"https:\/\/www.fashionjewelries.com\/w\/#website\"},\"datePublished\":\"2016-02-25T10:51:44+00:00\",\"dateModified\":\"2016-02-25T13:02:06+00:00\",\"description\":\"Novidades \u00daltimas tend\u00eancias de design Bedido Moda Jewelries traz para voc\u00ea o melhor em J\u00f3ias -Philippine Artesanato. Coco, contas de madeira, sementes, osso, chifre, conchas-MOP, BLACKLIP, l\u00e1bio marrom, casca martelo, kabibe, tigre l\u00e1bio marrom, blacktab, abalone paua etc ..\",\"breadcrumb\":{\"@id\":\"https:\/\/www.fashionjewelries.com\/w\/pt\/#breadcrumb\"},\"inLanguage\":\"en-US\",\"potentialAction\":[{\"@type\":\"ReadAction\",\"target\":[\"https:\/\/www.fashionjewelries.com\/w\/pt\/\"]}]},{\"@type\":\"BreadcrumbList\",\"@id\":\"https:\/\/www.fashionjewelries.com\/w\/pt\/#breadcrumb\",\"itemListElement\":[{\"@type\":\"ListItem\",\"position\":1,\"name\":\"Home\",\"item\":\"https:\/\/www.fashionjewelries.com\/w\/\"},{\"@type\":\"ListItem\",\"position\":2,\"name\":\"Bedido Fashion &#8211; Pt\"}]},{\"@type\":\"WebSite\",\"@id\":\"https:\/\/www.fashionjewelries.com\/w\/#website\",\"url\":\"https:\/\/www.fashionjewelries.com\/w\/\",\"name\":\"\",\"description\":\"\",\"potentialAction\":[{\"@type\":\"SearchAction\",\"target\":{\"@type\":\"EntryPoint\",\"urlTemplate\":\"https:\/\/www.fashionjewelries.com\/w\/?s={search_term_string}\"},\"query-input\":{\"@type\":\"PropertyValueSpecification\",\"valueRequired\":true,\"valueName\":\"search_term_string\"}}],\"inLanguage\":\"en-US\"}]}<\/script>\n<!-- \/ Yoast SEO plugin. -->","yoast_head_json":{"title":"Bedido moda - Fornecedor, Exportador, FABRICANTE DE FILIPINAS NATIVO j\u00f3ias da moda - ESCUDOS, contas de madeira, osso, chifre, coco, SEMENTES fornecedor, exportador, fabricante de j\u00f3ias de moda FILIPINO NATIVO - ESCUDOS, contas de madeira, osso, chifre, COCO, SEMENTES","description":"Novidades \u00daltimas tend\u00eancias de design Bedido Moda Jewelries traz para voc\u00ea o melhor em J\u00f3ias -Philippine Artesanato. Coco, contas de madeira, sementes, osso, chifre, conchas-MOP, BLACKLIP, l\u00e1bio marrom, casca martelo, kabibe, tigre l\u00e1bio marrom, blacktab, abalone paua etc ..","robots":{"index":"index","follow":"follow","max-snippet":"max-snippet:-1","max-image-preview":"max-image-preview:large","max-video-preview":"max-video-preview:-1"},"canonical":"https:\/\/www.fashionjewelries.com\/w\/pt\/","og_locale":"en_US","og_type":"article","og_title":"Bedido moda - Fornecedor, Exportador, FABRICANTE DE FILIPINAS NATIVO j\u00f3ias da moda - ESCUDOS, contas de madeira, osso, chifre, coco, SEMENTES fornecedor, exportador, fabricante de j\u00f3ias de moda FILIPINO NATIVO - ESCUDOS, contas de madeira, osso, chifre, COCO, SEMENTES","og_description":"Novidades \u00daltimas tend\u00eancias de design Bedido Moda Jewelries traz para voc\u00ea o melhor em J\u00f3ias -Philippine Artesanato. Coco, contas de madeira, sementes, osso, chifre, conchas-MOP, BLACKLIP, l\u00e1bio marrom, casca martelo, kabibe, tigre l\u00e1bio marrom, blacktab, abalone paua etc ..","og_url":"https:\/\/www.fashionjewelries.com\/w\/pt\/","article_modified_time":"2016-02-25T13:02:06+00:00","twitter_card":"summary_large_image","schema":{"@context":"https:\/\/schema.org","@graph":[{"@type":"WebPage","@id":"https:\/\/www.fashionjewelries.com\/w\/pt\/","url":"https:\/\/www.fashionjewelries.com\/w\/pt\/","name":"Bedido moda - Fornecedor, Exportador, FABRICANTE DE FILIPINAS NATIVO j\u00f3ias da moda - ESCUDOS, contas de madeira, osso, chifre, coco, SEMENTES fornecedor, exportador, fabricante de j\u00f3ias de moda FILIPINO NATIVO - ESCUDOS, contas de madeira, osso, chifre, COCO, SEMENTES","isPartOf":{"@id":"https:\/\/www.fashionjewelries.com\/w\/#website"},"datePublished":"2016-02-25T10:51:44+00:00","dateModified":"2016-02-25T13:02:06+00:00","description":"Novidades \u00daltimas tend\u00eancias de design Bedido Moda Jewelries traz para voc\u00ea o melhor em J\u00f3ias -Philippine Artesanato. Coco, contas de madeira, sementes, osso, chifre, conchas-MOP, BLACKLIP, l\u00e1bio marrom, casca martelo, kabibe, tigre l\u00e1bio marrom, blacktab, abalone paua etc ..","breadcrumb":{"@id":"https:\/\/www.fashionjewelries.com\/w\/pt\/#breadcrumb"},"inLanguage":"en-US","potentialAction":[{"@type":"ReadAction","target":["https:\/\/www.fashionjewelries.com\/w\/pt\/"]}]},{"@type":"BreadcrumbList","@id":"https:\/\/www.fashionjewelries.com\/w\/pt\/#breadcrumb","itemListElement":[{"@type":"ListItem","position":1,"name":"Home","item":"https:\/\/www.fashionjewelries.com\/w\/"},{"@type":"ListItem","position":2,"name":"Bedido Fashion &#8211; Pt"}]},{"@type":"WebSite","@id":"https:\/\/www.fashionjewelries.com\/w\/#website","url":"https:\/\/www.fashionjewelries.com\/w\/","name":"","description":"","potentialAction":[{"@type":"SearchAction","target":{"@type":"EntryPoint","urlTemplate":"https:\/\/www.fashionjewelries.com\/w\/?s={search_term_string}"},"query-input":{"@type":"PropertyValueSpecification","valueRequired":true,"valueName":"search_term_string"}}],"inLanguage":"en-US"}]}},"_links":{"self":[{"href":"https:\/\/www.fashionjewelries.com\/w\/wp-json\/wp\/v2\/pages\/1364","targetHints":{"allow":["GET"]}}],"collection":[{"href":"https:\/\/www.fashionjewelries.com\/w\/wp-json\/wp\/v2\/pages"}],"about":[{"href":"https:\/\/www.fashionjewelries.com\/w\/wp-json\/wp\/v2\/types\/page"}],"author":[{"embeddable":true,"href":"https:\/\/www.fashionjewelries.com\/w\/wp-json\/wp\/v2\/users\/1"}],"replies":[{"embeddable":true,"href":"https:\/\/www.fashionjewelries.com\/w\/wp-json\/wp\/v2\/comments?post=1364"}],"version-history":[{"count":1,"href":"https:\/\/www.fashionjewelries.com\/w\/wp-json\/wp\/v2\/pages\/1364\/revisions"}],"predecessor-version":[{"id":1365,"href":"https:\/\/www.fashionjewelries.com\/w\/wp-json\/wp\/v2\/pages\/1364\/revisions\/1365"}],"wp:attachment":[{"href":"https:\/\/www.fashionjewelries.com\/w\/wp-json\/wp\/v2\/media?parent=1364"}],"curies":[{"name":"wp","href":"https:\/\/api.w.org\/{rel}","templated":true}]}}